{"id":1513,"date":"2024-08-05T18:03:57","date_gmt":"2024-08-05T18:03:57","guid":{"rendered":"https:\/\/www.edi-ag.com\/hakkimizda\/"},"modified":"2025-04-14T16:28:18","modified_gmt":"2025-04-14T16:28:18","slug":"hakkimizda","status":"publish","type":"page","link":"https:\/\/www.edi-ag.com\/tr\/hakkimizda\/","title":{"rendered":"Hakk\u0131m\u0131zda"},"content":{"rendered":"\t\t<div data-elementor-type=\"wp-page\" data-elementor-id=\"1513\" class=\"elementor elementor-1513 elementor-54\" data-elementor-post-type=\"page\">\n\t\t\t\t\t\t<section class=\"elementor-section elementor-top-section elementor-element elementor-element-128e9ca elementor-section-boxed elementor-section-height-default elementor-section-height-default\" data-id=\"128e9ca\" data-element_type=\"section\" data-settings=\"{&quot;ekit_has_onepagescroll_dot&quot;:&quot;yes&quot;}\">\n\t\t\t\t\t\t<div class=\"elementor-container elementor-column-gap-default\">\n\t\t\t\t\t<div class=\"elementor-column elementor-col-100 elementor-top-column elementor-element elementor-element-3db8c24\" data-id=\"3db8c24\" data-element_type=\"column\">\n\t\t\t<div class=\"elementor-widget-wrap elementor-element-populated\">\n\t\t\t\t\t\t<section class=\"elementor-section elementor-inner-section elementor-element elementor-element-698c164 elementor-section-boxed elementor-section-height-default elementor-section-height-default\" data-id=\"698c164\" data-element_type=\"section\" data-settings=\"{&quot;ekit_has_onepagescroll_dot&quot;:&quot;yes&quot;}\">\n\t\t\t\t\t\t<div class=\"elementor-container elementor-column-gap-default\">\n\t\t\t\t\t<div class=\"elementor-column elementor-col-100 elementor-inner-column elementor-element elementor-element-bddf3a7\" data-id=\"bddf3a7\" data-element_type=\"column\">\n\t\t\t<div class=\"elementor-widget-wrap elementor-element-populated\">\n\t\t\t\t\t\t<div class=\"elementor-element elementor-element-8b1766b elementor-widget elementor-widget-heading\" data-id=\"8b1766b\" data-element_type=\"widget\" data-settings=\"{&quot;ekit_we_effect_on&quot;:&quot;none&quot;}\" data-widget_type=\"heading.default\">\n\t\t\t\t<div class=\"elementor-widget-container\">\n\t\t\t<style>\/*! elementor - v3.23.0 - 05-08-2024 *\/\n.elementor-heading-title{padding:0;margin:0;line-height:1}.elementor-widget-heading .elementor-heading-title[class*=elementor-size-]>a{color:inherit;font-size:inherit;line-height:inherit}.elementor-widget-heading .elementor-heading-title.elementor-size-small{font-size:15px}.elementor-widget-heading .elementor-heading-title.elementor-size-medium{font-size:19px}.elementor-widget-heading .elementor-heading-title.elementor-size-large{font-size:29px}.elementor-widget-heading .elementor-heading-title.elementor-size-xl{font-size:39px}.elementor-widget-heading .elementor-heading-title.elementor-size-xxl{font-size:59px}<\/style><h2 class=\"elementor-heading-title elementor-size-default\">Hakk\u0131m\u0131zda<\/h2>\t\t<\/div>\n\t\t\t\t<\/div>\n\t\t\t\t<div class=\"elementor-element elementor-element-d817866 elementor-widget elementor-widget-text-editor\" data-id=\"d817866\" data-element_type=\"widget\" data-settings=\"{&quot;ekit_we_effect_on&quot;:&quot;none&quot;}\" data-widget_type=\"text-editor.default\">\n\t\t\t\t<div class=\"elementor-widget-container\">\n\t\t\t<style>\/*! elementor - v3.23.0 - 05-08-2024 *\/\n.elementor-widget-text-editor.elementor-drop-cap-view-stacked .elementor-drop-cap{background-color:#69727d;color:#fff}.elementor-widget-text-editor.elementor-drop-cap-view-framed .elementor-drop-cap{color:#69727d;border:3px solid;background-color:transparent}.elementor-widget-text-editor:not(.elementor-drop-cap-view-default) .elementor-drop-cap{margin-top:8px}.elementor-widget-text-editor:not(.elementor-drop-cap-view-default) .elementor-drop-cap-letter{width:1em;height:1em}.elementor-widget-text-editor .elementor-drop-cap{float:left;text-align:center;line-height:1;font-size:50px}.elementor-widget-text-editor .elementor-drop-cap-letter{display:inline-block}<\/style>\t\t\t\t<p data-pm-slice=\"1 1 []\">EDI Einkaufsgemeinschaft Deutscher Impulshandel AG (EDI AG), \u00f6zel olarak geli\u015ftirilmi\u015f bir BT platformu (CRM ve sezgisel B2B \u00e7evrimi\u00e7i ma\u011faza ve daha da geli\u015ftirilmi\u015f ERP) ve kendi depo ve teslimat lojisti\u011fi ile organize olmayan perakende sekt\u00f6r\u00fcnde d\u00fcrt\u00fc ticareti sat\u0131n al\u0131m\u0131n\u0131 merkezile\u015ftirir, bir araya getirir ve dijitalle\u015ftirir.<\/p>\n<p data-pm-slice=\"1 1 []\">EDI AG, 27 Mart 2015 tarihinde Berlin&#8217;de kurulmu\u015ftur.<br \/>\n\u0130lk dijital test a\u015famas\u0131 30 POS orta\u011f\u0131 ile 2020&#8217;de ba\u015flad\u0131 ve 2023&#8217;\u00fcn sonunda ba\u015far\u0131yla tamamland\u0131.<br \/>\n\u015eu anda Almanya&#8217;da organize olmayan perakendede impulse sekt\u00f6r\u00fcndeki tek sat\u0131n alma grubudur.<br \/>\nBuna &#8220;Sp\u00e4tis&#8221;, b\u00fcfeler, f\u0131r\u0131nlar, \u00f6zel i\u00e7ecek ma\u011fazalar\u0131 ve fast food restoranlar\u0131 dahildir.   <\/p>\n<p>POS perakendecilerinin sat\u0131n al\u0131mlar\u0131n\u0131 AB&#8217;nin en b\u00fcy\u00fck kentsel pazar\u0131nda (Berlin) merkezile\u015ftiren \u015firket, sat\u0131n alma ko\u015fullar\u0131n\u0131n yan\u0131 s\u0131ra da\u011f\u0131t\u0131m ve pazarlama ko\u015fullar\u0131n\u0131 da do\u011frudan sekt\u00f6rle m\u00fczakere ediyor.<br \/>\nSat\u0131n alma avantajlar\u0131, perakendecilere ek \u00e7aba ve masraf gerektirmeden \u00f6nemli \u00f6l\u00e7\u00fcde katma de\u011fer sa\u011flarken, 90 g\u00fcne varan \u00f6deme ko\u015fullar\u0131 da POS ortaklar\u0131 i\u00e7in katma de\u011feri daha da art\u0131r\u0131yor. <\/p>\n<p>EDI AG, dijital de\u011fi\u015fim ve dijital d\u00f6n\u00fc\u015f\u00fcm\u00fcn yan\u0131 s\u0131ra impulse segmentindeki s\u00fcre\u00e7lerin otomasyonunun da \u00f6n\u00fcn\u00fc a\u00e7\u0131yor.<br \/>\nBu, POS perakendecilerinin sipari\u015f s\u00fcre\u00e7lerini rasyonelle\u015ftiren ve optimize eden ve y\u00fcksek maliyet tasarrufu sa\u011flayan \u015firket i\u00e7inde geli\u015ftirilen uygulamalarla kan\u0131tlanm\u0131\u015ft\u0131r.   <br \/>Buna ek olarak, EDI yaz\u0131l\u0131m uygulamalar\u0131 EDI AG&#8217;nin i\u015f s\u00fcre\u00e7lerinin verimlili\u011fi \u00fczerinde \u00f6nemli bir etkiye sahiptir, bu da b\u00fcy\u00fck maliyet tasarruflar\u0131na yol a\u00e7makta ve bu nedenle POS ortaklar\u0131m\u0131za sat\u0131\u015f fiyatlar\u0131n\u0131n hesaplanmas\u0131na olumlu bir \u015fekilde yans\u0131makta ve ayn\u0131 zamanda katma de\u011feri \u00f6nemli \u00f6l\u00e7\u00fcde art\u0131rmaktad\u0131r.<\/p>\n<p>EDI AG, POS ortaklar\u0131na %99&#8217;un \u00fczerinde mal bulunabilirli\u011fi ve %99&#8217;un \u00fczerinde teslimat kapasitesi garanti etmektedir.<br \/>\n\u015eirketin kendi teslimat lojisti\u011fi ve deposu, mallar\u0131n 24 saat i\u00e7inde g\u00fcvenilir bir \u015fekilde teslim edilmesini garanti eder. <\/p>\n<p>EDI AG, 2023 sonbahar\u0131ndan bu yana, \u00f6zel olarak geli\u015ftirilmi\u015f CRM sistemi (ger\u00e7ek zamanl\u0131 ve mobil) ile sat\u0131\u015f ve verimlilik y\u00f6netimi i\u00e7in anahtar hesap y\u00f6netimi (KAM) i\u00e7in kapsaml\u0131 veriler sa\u011flamaktad\u0131r.<br \/>\nAma\u00e7, her bir POS&#8217;taki \u00fcr\u00fcn yelpazesinin derinli\u011fini art\u0131rarak sat\u0131\u015f b\u00fcy\u00fcmesini \u00f6nemli \u00f6l\u00e7\u00fcde art\u0131rmakt\u0131r.<br \/>\nBu, \u00fcreticilerden daha y\u00fcksek sat\u0131n alma hacimlerine yol a\u00e7makta ve POS ortaklar\u0131m\u0131z\u0131n katma de\u011ferini \u00f6nemli \u00f6l\u00e7\u00fcde art\u0131rmak i\u00e7in daha iyi sat\u0131n alma ko\u015fullar\u0131na yol a\u00e7maktad\u0131r.  <\/p>\n\t\t\t\t\t\t<\/div>\n\t\t\t\t<\/div>\n\t\t\t\t\t<\/div>\n\t\t<\/div>\n\t\t\t\t\t<\/div>\n\t\t<\/section>\n\t\t\t\t<section class=\"elementor-section elementor-inner-section elementor-element elementor-element-3f223b0 elementor-section-boxed elementor-section-height-default elementor-section-height-default\" data-id=\"3f223b0\" data-element_type=\"section\" data-settings=\"{&quot;ekit_has_onepagescroll_dot&quot;:&quot;yes&quot;}\">\n\t\t\t\t\t\t<div class=\"elementor-container elementor-column-gap-default\">\n\t\t\t\t\t<div class=\"elementor-column elementor-col-100 elementor-inner-column elementor-element elementor-element-4997304\" data-id=\"4997304\" data-element_type=\"column\">\n\t\t\t<div class=\"elementor-widget-wrap elementor-element-populated\">\n\t\t\t\t\t\t<div class=\"elementor-element elementor-element-33bdbe8 elementor-widget elementor-widget-heading\" data-id=\"33bdbe8\" data-element_type=\"widget\" data-settings=\"{&quot;ekit_we_effect_on&quot;:&quot;none&quot;}\" data-widget_type=\"heading.default\">\n\t\t\t\t<div class=\"elementor-widget-container\">\n\t\t\t<h2 class=\"elementor-heading-title elementor-size-default\">Y\u00f6netim ve komiteler<\/h2>\t\t<\/div>\n\t\t\t\t<\/div>\n\t\t\t\t<div class=\"elementor-element elementor-element-54100f6 elementor-widget elementor-widget-text-editor\" data-id=\"54100f6\" data-element_type=\"widget\" data-settings=\"{&quot;ekit_we_effect_on&quot;:&quot;none&quot;}\" data-widget_type=\"text-editor.default\">\n\t\t\t\t<div class=\"elementor-widget-container\">\n\t\t\t\t\t\t\t<p data-pm-slice=\"1 1 []\">Bu kavram\u0131n destek\u00e7ilerinin hepsi uzun y\u0131llar giri\u015fimci, dan\u0131\u015fman, lobici, y\u00f6netici, bankac\u0131 ve avukat olarak \u00e7al\u0131\u015fm\u0131\u015f veya \u00e7al\u0131\u015fmaktad\u0131r.  <\/p>\n<p data-pm-slice=\"1 1 []\"><span style=\"font-style: inherit; font-weight: inherit; color: var( --e-global-color-text ); font-family: var( --e-global-typography-text-font-family ), Sans-serif; background-color: var(--ast-global-color-5);\">Bu sayede hem organize ticaret sekt\u00f6r\u00fcnde (\u00fclke \u00e7ap\u0131nda) hem de organize olmayan ticaret sekt\u00f6r\u00fcnden gelecekteki ticaret ortaklar\u0131yla (ilk ad\u0131mda AB&#8217;nin en b\u00fcy\u00fck kentsel pazar\u0131 olan Berlin&#8217;de) sa\u011flam temellere dayanan temel yetkinlik ve deneyimlerin yan\u0131 s\u0131ra kapsaml\u0131 ba\u011flant\u0131lar\u0131 i\u015f modelimize dahil ettik<\/span><\/p>\n\t\t\t\t\t\t<\/div>\n\t\t\t\t<\/div>\n\t\t\t\t\t<\/div>\n\t\t<\/div>\n\t\t\t\t\t<\/div>\n\t\t<\/section>\n\t\t\t\t<div class=\"elementor-element elementor-element-122ad62 elementor-widget elementor-widget-heading\" data-id=\"122ad62\" data-element_type=\"widget\" data-settings=\"{&quot;ekit_we_effect_on&quot;:&quot;none&quot;}\" data-widget_type=\"heading.default\">\n\t\t\t\t<div class=\"elementor-widget-container\">\n\t\t\t<h2 class=\"elementor-heading-title elementor-size-default\"><br>POS ortaklar\u0131m\u0131za \u00f6zel te\u015fekk\u00fcrlerimizi sunar\u0131z.<\/h2>\t\t<\/div>\n\t\t\t\t<\/div>\n\t\t\t\t\t<\/div>\n\t\t<\/div>\n\t\t\t\t\t<\/div>\n\t\t<\/section>\n\t\t\t\t<\/div>\n\t\t","protected":false},"excerpt":{"rendered":"<p>Hakk\u0131m\u0131zda EDI Einkaufsgemeinschaft Deutscher Impulshandel AG (EDI AG), \u00f6zel olarak geli\u015ftirilmi\u015f bir BT platformu (CRM ve sezgisel B2B \u00e7evrimi\u00e7i ma\u011faza [&hellip;]<\/p>\n","protected":false},"author":1,"featured_media":0,"parent":0,"menu_order":0,"comment_status":"closed","ping_status":"closed","template":"elementor_header_footer","meta":{"site-sidebar-layout":"no-sidebar","site-content-layout":"","ast-site-content-layout":"full-width-container","site-content-style":"default","site-sidebar-style":"default","ast-global-header-display":"","ast-banner-title-visibility":"","ast-main-header-display":"","ast-hfb-above-header-display":"","ast-hfb-below-header-display":"","ast-hfb-mobile-header-display":"","site-post-title":"disabled","ast-breadcrumbs-content":"","ast-featured-img":"disabled","footer-sml-layout":"","theme-transparent-header-meta":"","adv-header-id-meta":"","stick-header-meta":"","header-above-stick-meta":"","header-main-stick-meta":"","header-below-stick-meta":"","astra-migrate-meta-layouts":"default","ast-page-background-enabled":"default","ast-page-background-meta":{"desktop":{"background-color":"var(--ast-global-color-4)","background-image":"","background-repeat":"repeat","background-position":"center center","background-size":"auto","background-attachment":"scroll","background-type":"","background-media":"","overlay-type":"","overlay-color":"","overlay-opacity":"","overlay-gradient":""},"tablet":{"background-color":"","background-image":"","background-repeat":"repeat","background-position":"center center","background-size":"auto","background-attachment":"scroll","background-type":"","background-media":"","overlay-type":"","overlay-color":"","overlay-opacity":"","overlay-gradient":""},"mobile":{"background-color":"","background-image":"","background-repeat":"repeat","background-position":"center center","background-size":"auto","background-attachment":"scroll","background-type":"","background-media":"","overlay-type":"","overlay-color":"","overlay-opacity":"","overlay-gradient":""}},"ast-content-background-meta":{"desktop":{"background-color":"var(--ast-global-color-5)","background-image":"","background-repeat":"repeat","background-position":"center center","background-size":"auto","background-attachment":"scroll","background-type":"","background-media":"","overlay-type":"","overlay-color":"","overlay-opacity":"","overlay-gradient":""},"tablet":{"background-color":"var(--ast-global-color-5)","background-image":"","background-repeat":"repeat","background-position":"center center","background-size":"auto","background-attachment":"scroll","background-type":"","background-media":"","overlay-type":"","overlay-color":"","overlay-opacity":"","overlay-gradient":""},"mobile":{"background-color":"var(--ast-global-color-5)","background-image":"","background-repeat":"repeat","background-position":"center center","background-size":"auto","background-attachment":"scroll","background-type":"","background-media":"","overlay-type":"","overlay-color":"","overlay-opacity":"","overlay-gradient":""}},"footnotes":""},"class_list":["post-1513","page","type-page","status-publish","hentry"],"_links":{"self":[{"href":"https:\/\/www.edi-ag.com\/tr\/wp-json\/wp\/v2\/pages\/1513","targetHints":{"allow":["GET"]}}],"collection":[{"href":"https:\/\/www.edi-ag.com\/tr\/wp-json\/wp\/v2\/pages"}],"about":[{"href":"https:\/\/www.edi-ag.com\/tr\/wp-json\/wp\/v2\/types\/page"}],"author":[{"embeddable":true,"href":"https:\/\/www.edi-ag.com\/tr\/wp-json\/wp\/v2\/users\/1"}],"replies":[{"embeddable":true,"href":"https:\/\/www.edi-ag.com\/tr\/wp-json\/wp\/v2\/comments?post=1513"}],"version-history":[{"count":16,"href":"https:\/\/www.edi-ag.com\/tr\/wp-json\/wp\/v2\/pages\/1513\/revisions"}],"predecessor-version":[{"id":1625,"href":"https:\/\/www.edi-ag.com\/tr\/wp-json\/wp\/v2\/pages\/1513\/revisions\/1625"}],"wp:attachment":[{"href":"https:\/\/www.edi-ag.com\/tr\/wp-json\/wp\/v2\/media?parent=1513"}],"curies":[{"name":"wp","href":"https:\/\/api.w.org\/{rel}","templated":true}]}}