{"id":1484,"date":"2024-08-05T18:17:38","date_gmt":"2024-08-05T18:17:38","guid":{"rendered":"https:\/\/www.edi-ag.com\/is-modeli\/"},"modified":"2024-09-16T10:44:31","modified_gmt":"2024-09-16T10:44:31","slug":"is-modeli","status":"publish","type":"page","link":"https:\/\/www.edi-ag.com\/tr\/is-modeli\/","title":{"rendered":"\u0130\u015f modeli"},"content":{"rendered":"\t\t<div data-elementor-type=\"wp-page\" data-elementor-id=\"1484\" class=\"elementor elementor-1484 elementor-95\" data-elementor-post-type=\"page\">\n\t\t\t\t\t\t<section class=\"elementor-section elementor-top-section elementor-element elementor-element-5fc32a4 elementor-section-boxed elementor-section-height-default elementor-section-height-default\" data-id=\"5fc32a4\" data-element_type=\"section\" data-settings=\"{&quot;ekit_has_onepagescroll_dot&quot;:&quot;yes&quot;}\">\n\t\t\t\t\t\t<div class=\"elementor-container elementor-column-gap-default\">\n\t\t\t\t\t<div class=\"elementor-column elementor-col-100 elementor-top-column elementor-element elementor-element-61ef6dc\" data-id=\"61ef6dc\" data-element_type=\"column\">\n\t\t\t<div class=\"elementor-widget-wrap elementor-element-populated\">\n\t\t\t\t\t\t<div class=\"elementor-element elementor-element-c1a25bf elementor-widget elementor-widget-heading\" data-id=\"c1a25bf\" data-element_type=\"widget\" data-settings=\"{&quot;ekit_we_effect_on&quot;:&quot;none&quot;}\" data-widget_type=\"heading.default\">\n\t\t\t\t<div class=\"elementor-widget-container\">\n\t\t\t<style>\/*! elementor - v3.23.0 - 05-08-2024 *\/\n.elementor-heading-title{padding:0;margin:0;line-height:1}.elementor-widget-heading .elementor-heading-title[class*=elementor-size-]>a{color:inherit;font-size:inherit;line-height:inherit}.elementor-widget-heading .elementor-heading-title.elementor-size-small{font-size:15px}.elementor-widget-heading .elementor-heading-title.elementor-size-medium{font-size:19px}.elementor-widget-heading .elementor-heading-title.elementor-size-large{font-size:29px}.elementor-widget-heading .elementor-heading-title.elementor-size-xl{font-size:39px}.elementor-widget-heading .elementor-heading-title.elementor-size-xxl{font-size:59px}<\/style><h2 class=\"elementor-heading-title elementor-size-default\">\u0130\u015f modeli  <\/h2>\t\t<\/div>\n\t\t\t\t<\/div>\n\t\t\t\t<section class=\"elementor-section elementor-inner-section elementor-element elementor-element-ae21f21 elementor-section-boxed elementor-section-height-default elementor-section-height-default\" data-id=\"ae21f21\" data-element_type=\"section\" data-settings=\"{&quot;ekit_has_onepagescroll_dot&quot;:&quot;yes&quot;}\">\n\t\t\t\t\t\t<div class=\"elementor-container elementor-column-gap-default\">\n\t\t\t\t\t<div class=\"elementor-column elementor-col-100 elementor-inner-column elementor-element elementor-element-dcaf756\" data-id=\"dcaf756\" data-element_type=\"column\">\n\t\t\t<div class=\"elementor-widget-wrap elementor-element-populated\">\n\t\t\t\t\t\t<div class=\"elementor-element elementor-element-cf14018 elementor-widget elementor-widget-text-editor\" data-id=\"cf14018\" data-element_type=\"widget\" data-settings=\"{&quot;ekit_we_effect_on&quot;:&quot;none&quot;}\" data-widget_type=\"text-editor.default\">\n\t\t\t\t<div class=\"elementor-widget-container\">\n\t\t\t<style>\/*! elementor - v3.23.0 - 05-08-2024 *\/\n.elementor-widget-text-editor.elementor-drop-cap-view-stacked .elementor-drop-cap{background-color:#69727d;color:#fff}.elementor-widget-text-editor.elementor-drop-cap-view-framed .elementor-drop-cap{color:#69727d;border:3px solid;background-color:transparent}.elementor-widget-text-editor:not(.elementor-drop-cap-view-default) .elementor-drop-cap{margin-top:8px}.elementor-widget-text-editor:not(.elementor-drop-cap-view-default) .elementor-drop-cap-letter{width:1em;height:1em}.elementor-widget-text-editor .elementor-drop-cap{float:left;text-align:center;line-height:1;font-size:50px}.elementor-widget-text-editor .elementor-drop-cap-letter{display:inline-block}<\/style>\t\t\t\t<ul>\n<li>\n<p>Sekt\u00f6r art\u0131k &#8220;organize olmayan perakende sekt\u00f6r\u00fcnde&#8221; de (merkezi sat\u0131n alma) yaln\u0131zca bir ortakla m\u00fczakere ediyor.<br \/>\nBu nedenle biz &#8220;organize perakende &#8211; g\u0131da perakendesi &#8220;nin kar\u015f\u0131 taraf\u0131y\u0131z ve t\u00fcm POS ortaklar\u0131m\u0131zla m\u00fczakere edilen anla\u015fmalar\u0131 uyguluyoruz. <\/p>\n<\/li>\n<li>\n<p>&#8220;Organize olmayan perakende sekt\u00f6r\u00fcnde&#8221; bireysel POS&#8217;un b\u00fcy\u00fckl\u00fc\u011f\u00fc art\u0131k fiyatland\u0131rma i\u00e7in tek ba\u015f\u0131na \u00f6nemli de\u011fildir; bunun yerine yaln\u0131zca sat\u0131n alma grubunun \u00fcretti\u011fi toplam ciro \u00f6nemlidir.<br \/>\nSonu\u00e7 olarak, sat\u0131n alma grubu sekt\u00f6r i\u00e7in aranan ve yeterli bir diyalog orta\u011f\u0131d\u0131r. <\/p>\n<\/li>\n<li>\n<p>Sat\u0131n alma avantajlar\u0131, herhangi bir ek girdi (parasal veya lojistik) olmaks\u0131z\u0131n t\u00fcccarlar i\u00e7in \u00f6nemli bir katma de\u011fer yaratmaktad\u0131r.<\/p>\n<\/li>\n<li>\n<p>POS ortaklar\u0131 i\u00e7in 90 g\u00fcne varan \u00f6deme vadeleri ve 1.000,00 EUR ile 250.000,00 EUR aras\u0131nda kredi limiti katma de\u011feri daha da art\u0131rmaktad\u0131r (verilen kredi limiti bir faktoring \u015firketi taraf\u0131ndan %100 g\u00fcvence alt\u0131na al\u0131nm\u0131\u015ft\u0131r).<\/p>\n<\/li>\n<li>\n<p>Bu, ilgili POS ortaklar\u0131 aras\u0131nda \u00e7ok y\u00fcksek bir kabul d\u00fczeyini ve dolay\u0131s\u0131yla \u00e7ok y\u00fcksek bir kat\u0131l\u0131m oran\u0131n\u0131 garanti eder.<\/p>\n<\/li>\n<\/ul>\n\t\t\t\t\t\t<\/div>\n\t\t\t\t<\/div>\n\t\t\t\t\t<\/div>\n\t\t<\/div>\n\t\t\t\t\t<\/div>\n\t\t<\/section>\n\t\t\t\t\t<\/div>\n\t\t<\/div>\n\t\t\t\t\t<\/div>\n\t\t<\/section>\n\t\t\t\t<section class=\"elementor-section elementor-top-section elementor-element elementor-element-b2167c8 elementor-section-boxed elementor-section-height-default elementor-section-height-default\" data-id=\"b2167c8\" data-element_type=\"section\" data-settings=\"{&quot;ekit_has_onepagescroll_dot&quot;:&quot;yes&quot;}\">\n\t\t\t\t\t\t<div class=\"elementor-container elementor-column-gap-default\">\n\t\t\t\t\t<div class=\"elementor-column elementor-col-33 elementor-top-column elementor-element elementor-element-bdd4a0f\" data-id=\"bdd4a0f\" data-element_type=\"column\">\n\t\t\t<div class=\"elementor-widget-wrap elementor-element-populated\">\n\t\t\t\t\t\t<div class=\"elementor-element elementor-element-a279548 elementor-widget elementor-widget-image\" data-id=\"a279548\" data-element_type=\"widget\" data-settings=\"{&quot;ekit_we_effect_on&quot;:&quot;none&quot;}\" data-widget_type=\"image.default\">\n\t\t\t\t<div class=\"elementor-widget-container\">\n\t\t\t<style>\/*! elementor - v3.23.0 - 05-08-2024 *\/\n.elementor-widget-image{text-align:center}.elementor-widget-image a{display:inline-block}.elementor-widget-image a img[src$=\".svg\"]{width:48px}.elementor-widget-image img{vertical-align:middle;display:inline-block}<\/style>\t\t\t\t\t\t\t\t\t\t<img fetchpriority=\"high\" decoding=\"async\" width=\"640\" height=\"640\" src=\"https:\/\/www.edi-ag.com\/wp-content\/uploads\/2024\/08\/3Punkte-Grafik_1.png\" class=\"attachment-large size-large wp-image-100\" alt=\"\" srcset=\"https:\/\/www.edi-ag.com\/wp-content\/uploads\/2024\/08\/3Punkte-Grafik_1.png 640w, https:\/\/www.edi-ag.com\/wp-content\/uploads\/2024\/08\/3Punkte-Grafik_1-300x300.png 300w, https:\/\/www.edi-ag.com\/wp-content\/uploads\/2024\/08\/3Punkte-Grafik_1-150x150.png 150w\" sizes=\"(max-width: 640px) 100vw, 640px\" \/>\t\t\t\t\t\t\t\t\t\t\t\t\t<\/div>\n\t\t\t\t<\/div>\n\t\t\t\t<div class=\"elementor-element elementor-element-965e319 elementor-widget elementor-widget-heading\" data-id=\"965e319\" data-element_type=\"widget\" data-settings=\"{&quot;ekit_we_effect_on&quot;:&quot;none&quot;}\" data-widget_type=\"heading.default\">\n\t\t\t\t<div class=\"elementor-widget-container\">\n\t\t\t<h2 class=\"elementor-heading-title elementor-size-default\"><br> Organize olmayan perakende sekt\u00f6r\u00fc (POS)<\/h2>\t\t<\/div>\n\t\t\t\t<\/div>\n\t\t\t\t\t<\/div>\n\t\t<\/div>\n\t\t\t\t<div class=\"elementor-column elementor-col-33 elementor-top-column elementor-element elementor-element-46d4fbc\" data-id=\"46d4fbc\" data-element_type=\"column\">\n\t\t\t<div class=\"elementor-widget-wrap elementor-element-populated\">\n\t\t\t\t\t\t<div class=\"elementor-element elementor-element-fd2af66 elementor-widget elementor-widget-image\" data-id=\"fd2af66\" data-element_type=\"widget\" data-settings=\"{&quot;ekit_we_effect_on&quot;:&quot;none&quot;}\" data-widget_type=\"image.default\">\n\t\t\t\t<div class=\"elementor-widget-container\">\n\t\t\t\t\t\t\t\t\t\t\t\t\t<img decoding=\"async\" width=\"640\" height=\"640\" src=\"https:\/\/www.edi-ag.com\/wp-content\/uploads\/2024\/08\/3Punkte-Grafik_2.png\" class=\"attachment-large size-large wp-image-101\" alt=\"\" srcset=\"https:\/\/www.edi-ag.com\/wp-content\/uploads\/2024\/08\/3Punkte-Grafik_2.png 640w, https:\/\/www.edi-ag.com\/wp-content\/uploads\/2024\/08\/3Punkte-Grafik_2-300x300.png 300w, https:\/\/www.edi-ag.com\/wp-content\/uploads\/2024\/08\/3Punkte-Grafik_2-150x150.png 150w\" sizes=\"(max-width: 640px) 100vw, 640px\" \/>\t\t\t\t\t\t\t\t\t\t\t\t\t<\/div>\n\t\t\t\t<\/div>\n\t\t\t\t<div class=\"elementor-element elementor-element-aeb5d62 elementor-widget elementor-widget-heading\" data-id=\"aeb5d62\" data-element_type=\"widget\" data-settings=\"{&quot;ekit_we_effect_on&quot;:&quot;none&quot;}\" data-widget_type=\"heading.default\">\n\t\t\t\t<div class=\"elementor-widget-container\">\n\t\t\t<h2 class=\"elementor-heading-title elementor-size-default\">olu\u015fuyor ...<\/h2>\t\t<\/div>\n\t\t\t\t<\/div>\n\t\t\t\t\t<\/div>\n\t\t<\/div>\n\t\t\t\t<div class=\"elementor-column elementor-col-33 elementor-top-column elementor-element elementor-element-a119f1e\" data-id=\"a119f1e\" data-element_type=\"column\">\n\t\t\t<div class=\"elementor-widget-wrap elementor-element-populated\">\n\t\t\t\t\t\t<div class=\"elementor-element elementor-element-5c59d62 elementor-widget elementor-widget-image\" data-id=\"5c59d62\" data-element_type=\"widget\" data-settings=\"{&quot;ekit_we_effect_on&quot;:&quot;none&quot;}\" data-widget_type=\"image.default\">\n\t\t\t\t<div class=\"elementor-widget-container\">\n\t\t\t\t\t\t\t\t\t\t\t\t\t<img decoding=\"async\" width=\"640\" height=\"640\" src=\"https:\/\/www.edi-ag.com\/wp-content\/uploads\/2024\/08\/3Punkte-Grafik_3.png\" class=\"attachment-large size-large wp-image-102\" alt=\"\" srcset=\"https:\/\/www.edi-ag.com\/wp-content\/uploads\/2024\/08\/3Punkte-Grafik_3.png 640w, https:\/\/www.edi-ag.com\/wp-content\/uploads\/2024\/08\/3Punkte-Grafik_3-300x300.png 300w, https:\/\/www.edi-ag.com\/wp-content\/uploads\/2024\/08\/3Punkte-Grafik_3-150x150.png 150w\" sizes=\"(max-width: 640px) 100vw, 640px\" \/>\t\t\t\t\t\t\t\t\t\t\t\t\t<\/div>\n\t\t\t\t<\/div>\n\t\t\t\t<div class=\"elementor-element elementor-element-fd423b2 elementor-widget elementor-widget-heading\" data-id=\"fd423b2\" data-element_type=\"widget\" data-settings=\"{&quot;ekit_we_effect_on&quot;:&quot;none&quot;}\" data-widget_type=\"heading.default\">\n\t\t\t\t<div class=\"elementor-widget-container\">\n\t\t\t<h2 class=\"elementor-heading-title elementor-size-default\"><br>... g\u00fc\u00e7l\u00fc bir sat\u0131n alma toplulu\u011funa!<\/h2>\t\t<\/div>\n\t\t\t\t<\/div>\n\t\t\t\t\t<\/div>\n\t\t<\/div>\n\t\t\t\t\t<\/div>\n\t\t<\/section>\n\t\t\t\t<\/div>\n\t\t","protected":false},"excerpt":{"rendered":"<p>\u0130\u015f modeli Sekt\u00f6r art\u0131k &#8220;organize olmayan perakende sekt\u00f6r\u00fcnde&#8221; de (merkezi sat\u0131n alma) yaln\u0131zca bir ortakla m\u00fczakere ediyor. Bu nedenle biz [&hellip;]<\/p>\n","protected":false},"author":1,"featured_media":0,"parent":0,"menu_order":0,"comment_status":"closed","ping_status":"closed","template":"elementor_header_footer","meta":{"site-sidebar-layout":"no-sidebar","site-content-layout":"","ast-site-content-layout":"full-width-container","site-content-style":"default","site-sidebar-style":"default","ast-global-header-display":"","ast-banner-title-visibility":"","ast-main-header-display":"","ast-hfb-above-header-display":"","ast-hfb-below-header-display":"","ast-hfb-mobile-header-display":"","site-post-title":"disabled","ast-breadcrumbs-content":"","ast-featured-img":"disabled","footer-sml-layout":"","theme-transparent-header-meta":"","adv-header-id-meta":"","stick-header-meta":"","header-above-stick-meta":"","header-main-stick-meta":"","header-below-stick-meta":"","astra-migrate-meta-layouts":"default","ast-page-background-enabled":"default","ast-page-background-meta":{"desktop":{"background-color":"var(--ast-global-color-4)","background-image":"","background-repeat":"repeat","background-position":"center center","background-size":"auto","background-attachment":"scroll","background-type":"","background-media":"","overlay-type":"","overlay-color":"","overlay-opacity":"","overlay-gradient":""},"tablet":{"background-color":"","background-image":"","background-repeat":"repeat","background-position":"center center","background-size":"auto","background-attachment":"scroll","background-type":"","background-media":"","overlay-type":"","overlay-color":"","overlay-opacity":"","overlay-gradient":""},"mobile":{"background-color":"","background-image":"","background-repeat":"repeat","background-position":"center center","background-size":"auto","background-attachment":"scroll","background-type":"","background-media":"","overlay-type":"","overlay-color":"","overlay-opacity":"","overlay-gradient":""}},"ast-content-background-meta":{"desktop":{"background-color":"var(--ast-global-color-5)","background-image":"","background-repeat":"repeat","background-position":"center center","background-size":"auto","background-attachment":"scroll","background-type":"","background-media":"","overlay-type":"","overlay-color":"","overlay-opacity":"","overlay-gradient":""},"tablet":{"background-color":"var(--ast-global-color-5)","background-image":"","background-repeat":"repeat","background-position":"center center","background-size":"auto","background-attachment":"scroll","background-type":"","background-media":"","overlay-type":"","overlay-color":"","overlay-opacity":"","overlay-gradient":""},"mobile":{"background-color":"var(--ast-global-color-5)","background-image":"","background-repeat":"repeat","background-position":"center center","background-size":"auto","background-attachment":"scroll","background-type":"","background-media":"","overlay-type":"","overlay-color":"","overlay-opacity":"","overlay-gradient":""}},"footnotes":""},"class_list":["post-1484","page","type-page","status-publish","hentry"],"_links":{"self":[{"href":"https:\/\/www.edi-ag.com\/tr\/wp-json\/wp\/v2\/pages\/1484","targetHints":{"allow":["GET"]}}],"collection":[{"href":"https:\/\/www.edi-ag.com\/tr\/wp-json\/wp\/v2\/pages"}],"about":[{"href":"https:\/\/www.edi-ag.com\/tr\/wp-json\/wp\/v2\/types\/page"}],"author":[{"embeddable":true,"href":"https:\/\/www.edi-ag.com\/tr\/wp-json\/wp\/v2\/users\/1"}],"replies":[{"embeddable":true,"href":"https:\/\/www.edi-ag.com\/tr\/wp-json\/wp\/v2\/comments?post=1484"}],"version-history":[{"count":2,"href":"https:\/\/www.edi-ag.com\/tr\/wp-json\/wp\/v2\/pages\/1484\/revisions"}],"predecessor-version":[{"id":1493,"href":"https:\/\/www.edi-ag.com\/tr\/wp-json\/wp\/v2\/pages\/1484\/revisions\/1493"}],"wp:attachment":[{"href":"https:\/\/www.edi-ag.com\/tr\/wp-json\/wp\/v2\/media?parent=1484"}],"curies":[{"name":"wp","href":"https:\/\/api.w.org\/{rel}","templated":true}]}}