{"id":1478,"date":"2024-08-05T18:53:16","date_gmt":"2024-08-05T18:53:16","guid":{"rendered":"https:\/\/www.edi-ag.com\/edi-basari-modeli\/"},"modified":"2024-09-16T10:44:31","modified_gmt":"2024-09-16T10:44:31","slug":"edi-basari-modeli","status":"publish","type":"page","link":"https:\/\/www.edi-ag.com\/tr\/edi-basari-modeli\/","title":{"rendered":"EDI ba\u015far\u0131 modeli"},"content":{"rendered":"\t\t<div data-elementor-type=\"wp-page\" data-elementor-id=\"1478\" class=\"elementor elementor-1478 elementor-179\" data-elementor-post-type=\"page\">\n\t\t\t\t\t\t<section class=\"elementor-section elementor-top-section elementor-element elementor-element-04e6e36 elementor-section-boxed elementor-section-height-default elementor-section-height-default\" data-id=\"04e6e36\" data-element_type=\"section\" data-settings=\"{&quot;ekit_has_onepagescroll_dot&quot;:&quot;yes&quot;}\">\n\t\t\t\t\t\t<div class=\"elementor-container elementor-column-gap-default\">\n\t\t\t\t\t<div class=\"elementor-column elementor-col-100 elementor-top-column elementor-element elementor-element-f9074c2\" data-id=\"f9074c2\" data-element_type=\"column\">\n\t\t\t<div class=\"elementor-widget-wrap elementor-element-populated\">\n\t\t\t\t\t\t<div class=\"elementor-element elementor-element-4c37cdb elementor-widget elementor-widget-heading\" data-id=\"4c37cdb\" data-element_type=\"widget\" data-settings=\"{&quot;ekit_we_effect_on&quot;:&quot;none&quot;}\" data-widget_type=\"heading.default\">\n\t\t\t\t<div class=\"elementor-widget-container\">\n\t\t\t<style>\/*! elementor - v3.23.0 - 05-08-2024 *\/\n.elementor-heading-title{padding:0;margin:0;line-height:1}.elementor-widget-heading .elementor-heading-title[class*=elementor-size-]>a{color:inherit;font-size:inherit;line-height:inherit}.elementor-widget-heading .elementor-heading-title.elementor-size-small{font-size:15px}.elementor-widget-heading .elementor-heading-title.elementor-size-medium{font-size:19px}.elementor-widget-heading .elementor-heading-title.elementor-size-large{font-size:29px}.elementor-widget-heading .elementor-heading-title.elementor-size-xl{font-size:39px}.elementor-widget-heading .elementor-heading-title.elementor-size-xxl{font-size:59px}<\/style><h2 class=\"elementor-heading-title elementor-size-default\">EDI ba\u015far\u0131 modeli  <\/h2>\t\t<\/div>\n\t\t\t\t<\/div>\n\t\t\t\t<section class=\"elementor-section elementor-inner-section elementor-element elementor-element-1dabeac elementor-section-boxed elementor-section-height-default elementor-section-height-default\" data-id=\"1dabeac\" data-element_type=\"section\" data-settings=\"{&quot;background_background&quot;:&quot;classic&quot;,&quot;ekit_has_onepagescroll_dot&quot;:&quot;yes&quot;}\">\n\t\t\t\t\t\t<div class=\"elementor-container elementor-column-gap-default\">\n\t\t\t\t\t<div class=\"elementor-column elementor-col-100 elementor-inner-column elementor-element elementor-element-9cbefbb\" data-id=\"9cbefbb\" data-element_type=\"column\">\n\t\t\t<div class=\"elementor-widget-wrap elementor-element-populated\">\n\t\t\t\t\t\t<div class=\"elementor-element elementor-element-860b1a0 elementor-widget elementor-widget-heading\" data-id=\"860b1a0\" data-element_type=\"widget\" data-settings=\"{&quot;ekit_we_effect_on&quot;:&quot;none&quot;}\" data-widget_type=\"heading.default\">\n\t\t\t\t<div class=\"elementor-widget-container\">\n\t\t\t<h2 class=\"elementor-heading-title elementor-size-default\"><br> Toplulu\u011fun bir par\u00e7as\u0131 olun ve gelece\u011finizi bizimle \u015fekillendirin!<\/h2>\t\t<\/div>\n\t\t\t\t<\/div>\n\t\t\t\t\t<\/div>\n\t\t<\/div>\n\t\t\t\t\t<\/div>\n\t\t<\/section>\n\t\t\t\t<div class=\"elementor-element elementor-element-f506bf5 elementor-widget elementor-widget-text-editor\" data-id=\"f506bf5\" data-element_type=\"widget\" data-settings=\"{&quot;ekit_we_effect_on&quot;:&quot;none&quot;}\" data-widget_type=\"text-editor.default\">\n\t\t\t\t<div class=\"elementor-widget-container\">\n\t\t\t<style>\/*! elementor - v3.23.0 - 05-08-2024 *\/\n.elementor-widget-text-editor.elementor-drop-cap-view-stacked .elementor-drop-cap{background-color:#69727d;color:#fff}.elementor-widget-text-editor.elementor-drop-cap-view-framed .elementor-drop-cap{color:#69727d;border:3px solid;background-color:transparent}.elementor-widget-text-editor:not(.elementor-drop-cap-view-default) .elementor-drop-cap{margin-top:8px}.elementor-widget-text-editor:not(.elementor-drop-cap-view-default) .elementor-drop-cap-letter{width:1em;height:1em}.elementor-widget-text-editor .elementor-drop-cap{float:left;text-align:center;line-height:1;font-size:50px}.elementor-widget-text-editor .elementor-drop-cap-letter{display:inline-block}<\/style>\t\t\t\t<ul>\n<li>\n<p>Sat\u0131n alma grubumuz (merkezi sat\u0131n alma), g\u0131da perakende ticaretinin sat\u0131n alma ko\u015fullar\u0131na uygun olarak t\u00fcm POS ortaklar\u0131na \u00fcr\u00fcn yelpazelerindeki t\u00fcm \u00fcr\u00fcnleri tedarik etmektedir.<\/p>\n<\/li>\n<li>\n<p>&#8220;Organize olmayan perakende sekt\u00f6r\u00fcndeki&#8221; bireysel POS&#8217;un b\u00fcy\u00fckl\u00fc\u011f\u00fc art\u0131k fiyatland\u0131rma i\u00e7in tek ba\u015f\u0131na \u00f6nemli de\u011fildir; bunun yerine, yaln\u0131zca sat\u0131n alma grubu taraf\u0131ndan \u00fcretilen toplam ciro \u00f6nemlidir.<br \/>\nSonu\u00e7 olarak, sat\u0131n alma grubu gelecekte sekt\u00f6r i\u00e7in aranan ve yeterli bir diyalog orta\u011f\u0131 olacakt\u0131r. <\/p>\n<\/li>\n<li>\n<p>Sat\u0131n alma avantajlar\u0131, t\u00fcccarlara ek girdi (parasal ve lojistik) olmaks\u0131z\u0131n \u00f6nemli \u00f6l\u00e7\u00fcde katma de\u011fer sa\u011flamaktad\u0131r.<\/p>\n<\/li>\n<\/ul>\n\t\t\t\t\t\t<\/div>\n\t\t\t\t<\/div>\n\t\t\t\t<div class=\"elementor-element elementor-element-189724c elementor-widget elementor-widget-heading\" data-id=\"189724c\" data-element_type=\"widget\" data-settings=\"{&quot;ekit_we_effect_on&quot;:&quot;none&quot;}\" data-widget_type=\"heading.default\">\n\t\t\t\t<div class=\"elementor-widget-container\">\n\t\t\t<h2 class=\"elementor-heading-title elementor-size-default\">Rol model olarak ba\u015far\u0131l\u0131 bir \u015fekilde i\u015fleyen modeller<\/h2>\t\t<\/div>\n\t\t\t\t<\/div>\n\t\t\t\t<div class=\"elementor-element elementor-element-8b0d1c7 elementor-widget elementor-widget-image\" data-id=\"8b0d1c7\" data-element_type=\"widget\" data-settings=\"{&quot;ekit_we_effect_on&quot;:&quot;none&quot;}\" data-widget_type=\"image.default\">\n\t\t\t\t<div class=\"elementor-widget-container\">\n\t\t\t<style>\/*! elementor - v3.23.0 - 05-08-2024 *\/\n.elementor-widget-image{text-align:center}.elementor-widget-image a{display:inline-block}.elementor-widget-image a img[src$=\".svg\"]{width:48px}.elementor-widget-image img{vertical-align:middle;display:inline-block}<\/style>\t\t\t\t\t\t\t\t\t\t<img fetchpriority=\"high\" decoding=\"async\" width=\"1024\" height=\"585\" src=\"https:\/\/www.edi-ag.com\/wp-content\/uploads\/2024\/09\/Ranking_Graphic-1024x585.jpg\" class=\"attachment-large size-large wp-image-1029\" alt=\"\" srcset=\"https:\/\/www.edi-ag.com\/wp-content\/uploads\/2024\/09\/Ranking_Graphic-1024x585.jpg 1024w, https:\/\/www.edi-ag.com\/wp-content\/uploads\/2024\/09\/Ranking_Graphic-300x171.jpg 300w, https:\/\/www.edi-ag.com\/wp-content\/uploads\/2024\/09\/Ranking_Graphic-768x439.jpg 768w, https:\/\/www.edi-ag.com\/wp-content\/uploads\/2024\/09\/Ranking_Graphic-1536x877.jpg 1536w, https:\/\/www.edi-ag.com\/wp-content\/uploads\/2024\/09\/Ranking_Graphic.jpg 1800w\" sizes=\"(max-width: 1024px) 100vw, 1024px\" \/>\t\t\t\t\t\t\t\t\t\t\t\t\t<\/div>\n\t\t\t\t<\/div>\n\t\t\t\t<section class=\"elementor-section elementor-inner-section elementor-element elementor-element-35b56c8 elementor-section-boxed elementor-section-height-default elementor-section-height-default\" data-id=\"35b56c8\" data-element_type=\"section\" data-settings=\"{&quot;background_background&quot;:&quot;classic&quot;,&quot;ekit_has_onepagescroll_dot&quot;:&quot;yes&quot;}\">\n\t\t\t\t\t\t<div class=\"elementor-container elementor-column-gap-default\">\n\t\t\t\t\t<div class=\"elementor-column elementor-col-100 elementor-inner-column elementor-element elementor-element-97f848e\" data-id=\"97f848e\" data-element_type=\"column\">\n\t\t\t<div class=\"elementor-widget-wrap elementor-element-populated\">\n\t\t\t\t\t\t<div class=\"elementor-element elementor-element-1d6def7 elementor-widget elementor-widget-heading\" data-id=\"1d6def7\" data-element_type=\"widget\" data-settings=\"{&quot;ekit_we_effect_on&quot;:&quot;none&quot;}\" data-widget_type=\"heading.default\">\n\t\t\t\t<div class=\"elementor-widget-container\">\n\t\t\t<h2 class=\"elementor-heading-title elementor-size-default\">\"EDI Einkaufsgemeinschaft Deutscher Impulshandel AG\" kavram\u0131, kooperatif kavram\u0131 ile kar\u015f\u0131la\u015ft\u0131r\u0131labilir.<\/h2>\t\t<\/div>\n\t\t\t\t<\/div>\n\t\t\t\t\t<\/div>\n\t\t<\/div>\n\t\t\t\t\t<\/div>\n\t\t<\/section>\n\t\t\t\t<section class=\"elementor-section elementor-inner-section elementor-element elementor-element-63db389 elementor-section-boxed elementor-section-height-default elementor-section-height-default\" data-id=\"63db389\" data-element_type=\"section\" data-settings=\"{&quot;ekit_has_onepagescroll_dot&quot;:&quot;yes&quot;}\">\n\t\t\t\t\t\t<div class=\"elementor-container elementor-column-gap-default\">\n\t\t\t\t\t<div class=\"elementor-column elementor-col-100 elementor-inner-column elementor-element elementor-element-ac4b60e\" data-id=\"ac4b60e\" data-element_type=\"column\">\n\t\t\t<div class=\"elementor-widget-wrap elementor-element-populated\">\n\t\t\t\t\t\t<div class=\"elementor-element elementor-element-96170eb elementor-widget elementor-widget-heading\" data-id=\"96170eb\" data-element_type=\"widget\" data-settings=\"{&quot;ekit_we_effect_on&quot;:&quot;none&quot;}\" data-widget_type=\"heading.default\">\n\t\t\t\t<div class=\"elementor-widget-container\">\n\t\t\t<h2 class=\"elementor-heading-title elementor-size-default\">Sat\u0131n alma toplulu\u011fumuz i\u00e7in \u00f6nemi<\/h2>\t\t<\/div>\n\t\t\t\t<\/div>\n\t\t\t\t<div class=\"elementor-element elementor-element-0a83f86 elementor-widget elementor-widget-text-editor\" data-id=\"0a83f86\" data-element_type=\"widget\" data-settings=\"{&quot;ekit_we_effect_on&quot;:&quot;none&quot;}\" data-widget_type=\"text-editor.default\">\n\t\t\t\t<div class=\"elementor-widget-container\">\n\t\t\t\t\t\t\t<ul>\n<li>\n<p>Kooperatiflerin (EDEKA ve REWE) geli\u015fimi, sat\u0131n alma hacimlerinin bir havuzda toplanmas\u0131n\u0131n do\u011fru bir yakla\u015f\u0131m oldu\u011funu ve g\u00fcc\u00fcn a\u011fdan geldi\u011fini g\u00f6stermektedir.<\/p>\n<\/li>\n<li>\n<p>POS ortaklar\u0131m\u0131z tek bir sesle konu\u015fuyor &#8211; B\u0130RL\u0130KTE G\u00dc\u00c7L\u00dcY\u00dcZ.<\/p>\n<\/li>\n<li>\n<p>Almanya&#8217;n\u0131n en b\u00fcy\u00fck iki g\u0131da perakende \u015firketini ortaya \u00e7\u0131karan, kendini kan\u0131tlam\u0131\u015f ve ba\u015far\u0131l\u0131 bir konseptten yararlan\u0131yoruz.<\/p>\n<\/li>\n<li>\n<p>Tarihi rol modellerin ba\u015far\u0131l\u0131 fikrini takip eden sat\u0131n alma grubumuz, mevcut ve yerle\u015fik pazar ve m\u00fc\u015fteri potansiyelini de\u011ferlendirmektedir.<\/p>\n<\/li>\n<li>\n<p>POS ortaklar\u0131m\u0131z da istisnas\u0131z olarak piyasada kendi POS&#8217;lar\u0131n\u0131 kurmu\u015f ba\u011f\u0131ms\u0131z t\u00fcccarlard\u0131r.<\/p>\n<\/li>\n<li>\n<p>Bu konseptten kaynaklanan avantajlar, bireysel POS taraf\u0131ndan asla tek ba\u015f\u0131na elde edilemez.<\/p>\n<\/li>\n<\/ul>\n\t\t\t\t\t\t<\/div>\n\t\t\t\t<\/div>\n\t\t\t\t\t<\/div>\n\t\t<\/div>\n\t\t\t\t\t<\/div>\n\t\t<\/section>\n\t\t\t\t<section class=\"elementor-section elementor-inner-section elementor-element elementor-element-fdc834f elementor-section-boxed elementor-section-height-default elementor-section-height-default\" data-id=\"fdc834f\" data-element_type=\"section\" data-settings=\"{&quot;ekit_has_onepagescroll_dot&quot;:&quot;yes&quot;}\">\n\t\t\t\t\t\t<div class=\"elementor-container elementor-column-gap-default\">\n\t\t\t\t\t<div class=\"elementor-column elementor-col-100 elementor-inner-column elementor-element elementor-element-3409fd2\" data-id=\"3409fd2\" data-element_type=\"column\">\n\t\t\t<div class=\"elementor-widget-wrap elementor-element-populated\">\n\t\t\t\t\t\t<div class=\"elementor-element elementor-element-31b3d7f elementor-widget elementor-widget-heading\" data-id=\"31b3d7f\" data-element_type=\"widget\" data-settings=\"{&quot;ekit_we_effect_on&quot;:&quot;none&quot;}\" data-widget_type=\"heading.default\">\n\t\t\t\t<div class=\"elementor-widget-container\">\n\t\t\t<h2 class=\"elementor-heading-title elementor-size-default\">\"Organize olmayan ticaret sekt\u00f6r\u00fcn\u00fcn\" gelece\u011fi<\/h2>\t\t<\/div>\n\t\t\t\t<\/div>\n\t\t\t\t<div class=\"elementor-element elementor-element-2f89fc5 elementor-widget elementor-widget-text-editor\" data-id=\"2f89fc5\" data-element_type=\"widget\" data-settings=\"{&quot;ekit_we_effect_on&quot;:&quot;none&quot;}\" data-widget_type=\"text-editor.default\">\n\t\t\t\t<div class=\"elementor-widget-container\">\n\t\t\t\t\t\t\t<ul>\n<li>\n<p>Bir zamanlar\u0131n &#8220;\u00f6rg\u00fcts\u00fcz ticaret sekt\u00f6r\u00fc&#8221; \u00f6rg\u00fctlenerek sesini duyuruyor!<\/p>\n<\/li>\n<li>\n<p>Biz bu sesiz ve \u00e7\u0131karlar\u0131 birle\u015ftiriyoruz!<br \/>\nBireysel esnaf\u0131n \u00e7\u0131karlar\u0131n\u0131 bir araya getiriyoruz! <\/p>\n<\/li>\n<li>\n<p>Mevcut POS&#8217;un sat\u0131n alma hacminin paketlenmesi!<\/p>\n<\/li>\n<li>\n<p>Sekt\u00f6rle &#8220;g\u00f6z hizas\u0131nda&#8221; g\u00fc\u00e7lendirilmi\u015f pazarl\u0131k pozisyonu &#8211; g\u0131da perakendecili\u011fine benzer sat\u0131n alma ko\u015fullar\u0131!<\/p>\n<\/li>\n<li>\n<p>Operasyonel i\u015f s\u00fcre\u00e7lerinin internet tabanl\u0131 haritaland\u0131r\u0131lmas\u0131!<\/p>\n<\/li>\n<\/ul>\n\t\t\t\t\t\t<\/div>\n\t\t\t\t<\/div>\n\t\t\t\t\t<\/div>\n\t\t<\/div>\n\t\t\t\t\t<\/div>\n\t\t<\/section>\n\t\t\t\t\t<\/div>\n\t\t<\/div>\n\t\t\t\t\t<\/div>\n\t\t<\/section>\n\t\t\t\t<section class=\"elementor-section elementor-top-section elementor-element elementor-element-961e705 elementor-section-boxed elementor-section-height-default elementor-section-height-default\" data-id=\"961e705\" data-element_type=\"section\" data-settings=\"{&quot;ekit_has_onepagescroll_dot&quot;:&quot;yes&quot;}\">\n\t\t\t\t\t\t<div class=\"elementor-container elementor-column-gap-default\">\n\t\t\t\t\t<div class=\"elementor-column elementor-col-33 elementor-top-column elementor-element elementor-element-2044a13\" data-id=\"2044a13\" data-element_type=\"column\">\n\t\t\t<div class=\"elementor-widget-wrap elementor-element-populated\">\n\t\t\t\t\t\t<div class=\"elementor-element elementor-element-09c5937 elementor-widget elementor-widget-image\" data-id=\"09c5937\" data-element_type=\"widget\" data-settings=\"{&quot;ekit_we_effect_on&quot;:&quot;none&quot;}\" data-widget_type=\"image.default\">\n\t\t\t\t<div class=\"elementor-widget-container\">\n\t\t\t\t\t\t\t\t\t\t\t\t\t<img decoding=\"async\" width=\"640\" height=\"640\" src=\"https:\/\/www.edi-ag.com\/wp-content\/uploads\/2024\/08\/3Punkte-Grafik_1.png\" class=\"attachment-large size-large wp-image-100\" alt=\"\" srcset=\"https:\/\/www.edi-ag.com\/wp-content\/uploads\/2024\/08\/3Punkte-Grafik_1.png 640w, https:\/\/www.edi-ag.com\/wp-content\/uploads\/2024\/08\/3Punkte-Grafik_1-300x300.png 300w, https:\/\/www.edi-ag.com\/wp-content\/uploads\/2024\/08\/3Punkte-Grafik_1-150x150.png 150w\" sizes=\"(max-width: 640px) 100vw, 640px\" \/>\t\t\t\t\t\t\t\t\t\t\t\t\t<\/div>\n\t\t\t\t<\/div>\n\t\t\t\t<div class=\"elementor-element elementor-element-f44a29b elementor-widget elementor-widget-heading\" data-id=\"f44a29b\" data-element_type=\"widget\" data-settings=\"{&quot;ekit_we_effect_on&quot;:&quot;none&quot;}\" data-widget_type=\"heading.default\">\n\t\t\t\t<div class=\"elementor-widget-container\">\n\t\t\t<h2 class=\"elementor-heading-title elementor-size-default\"><br> Organize olmayan perakende sekt\u00f6r\u00fc (POS)<\/h2>\t\t<\/div>\n\t\t\t\t<\/div>\n\t\t\t\t\t<\/div>\n\t\t<\/div>\n\t\t\t\t<div class=\"elementor-column elementor-col-33 elementor-top-column elementor-element elementor-element-b14c989\" data-id=\"b14c989\" data-element_type=\"column\">\n\t\t\t<div class=\"elementor-widget-wrap elementor-element-populated\">\n\t\t\t\t\t\t<div class=\"elementor-element elementor-element-6075704 elementor-widget elementor-widget-image\" data-id=\"6075704\" data-element_type=\"widget\" data-settings=\"{&quot;ekit_we_effect_on&quot;:&quot;none&quot;}\" data-widget_type=\"image.default\">\n\t\t\t\t<div class=\"elementor-widget-container\">\n\t\t\t\t\t\t\t\t\t\t\t\t\t<img decoding=\"async\" width=\"640\" height=\"640\" src=\"https:\/\/www.edi-ag.com\/wp-content\/uploads\/2024\/08\/3Punkte-Grafik_2.png\" class=\"attachment-large size-large wp-image-101\" alt=\"\" srcset=\"https:\/\/www.edi-ag.com\/wp-content\/uploads\/2024\/08\/3Punkte-Grafik_2.png 640w, https:\/\/www.edi-ag.com\/wp-content\/uploads\/2024\/08\/3Punkte-Grafik_2-300x300.png 300w, https:\/\/www.edi-ag.com\/wp-content\/uploads\/2024\/08\/3Punkte-Grafik_2-150x150.png 150w\" sizes=\"(max-width: 640px) 100vw, 640px\" \/>\t\t\t\t\t\t\t\t\t\t\t\t\t<\/div>\n\t\t\t\t<\/div>\n\t\t\t\t<div class=\"elementor-element elementor-element-b9d104d elementor-widget elementor-widget-heading\" data-id=\"b9d104d\" data-element_type=\"widget\" data-settings=\"{&quot;ekit_we_effect_on&quot;:&quot;none&quot;}\" data-widget_type=\"heading.default\">\n\t\t\t\t<div class=\"elementor-widget-container\">\n\t\t\t<h2 class=\"elementor-heading-title elementor-size-default\">olu\u015fuyor ...<\/h2>\t\t<\/div>\n\t\t\t\t<\/div>\n\t\t\t\t\t<\/div>\n\t\t<\/div>\n\t\t\t\t<div class=\"elementor-column elementor-col-33 elementor-top-column elementor-element elementor-element-ee09866\" data-id=\"ee09866\" data-element_type=\"column\">\n\t\t\t<div class=\"elementor-widget-wrap elementor-element-populated\">\n\t\t\t\t\t\t<div class=\"elementor-element elementor-element-e923197 elementor-widget elementor-widget-image\" data-id=\"e923197\" data-element_type=\"widget\" data-settings=\"{&quot;ekit_we_effect_on&quot;:&quot;none&quot;}\" data-widget_type=\"image.default\">\n\t\t\t\t<div class=\"elementor-widget-container\">\n\t\t\t\t\t\t\t\t\t\t\t\t\t<img loading=\"lazy\" decoding=\"async\" width=\"640\" height=\"640\" src=\"https:\/\/www.edi-ag.com\/wp-content\/uploads\/2024\/08\/3Punkte-Grafik_3.png\" class=\"attachment-large size-large wp-image-102\" alt=\"\" srcset=\"https:\/\/www.edi-ag.com\/wp-content\/uploads\/2024\/08\/3Punkte-Grafik_3.png 640w, https:\/\/www.edi-ag.com\/wp-content\/uploads\/2024\/08\/3Punkte-Grafik_3-300x300.png 300w, https:\/\/www.edi-ag.com\/wp-content\/uploads\/2024\/08\/3Punkte-Grafik_3-150x150.png 150w\" sizes=\"(max-width: 640px) 100vw, 640px\" \/>\t\t\t\t\t\t\t\t\t\t\t\t\t<\/div>\n\t\t\t\t<\/div>\n\t\t\t\t<div class=\"elementor-element elementor-element-75273ee elementor-widget elementor-widget-heading\" data-id=\"75273ee\" data-element_type=\"widget\" data-settings=\"{&quot;ekit_we_effect_on&quot;:&quot;none&quot;}\" data-widget_type=\"heading.default\">\n\t\t\t\t<div class=\"elementor-widget-container\">\n\t\t\t<h2 class=\"elementor-heading-title elementor-size-default\"><br>... g\u00fc\u00e7l\u00fc bir sat\u0131n alma toplulu\u011funa!<\/h2>\t\t<\/div>\n\t\t\t\t<\/div>\n\t\t\t\t\t<\/div>\n\t\t<\/div>\n\t\t\t\t\t<\/div>\n\t\t<\/section>\n\t\t\t\t<\/div>\n\t\t","protected":false},"excerpt":{"rendered":"<p>EDI ba\u015far\u0131 modeli Toplulu\u011fun bir par\u00e7as\u0131 olun ve gelece\u011finizi bizimle \u015fekillendirin! Sat\u0131n alma grubumuz (merkezi sat\u0131n alma), g\u0131da perakende ticaretinin [&hellip;]<\/p>\n","protected":false},"author":1,"featured_media":0,"parent":0,"menu_order":0,"comment_status":"closed","ping_status":"closed","template":"elementor_header_footer","meta":{"site-sidebar-layout":"no-sidebar","site-content-layout":"","ast-site-content-layout":"full-width-container","site-content-style":"default","site-sidebar-style":"default","ast-global-header-display":"","ast-banner-title-visibility":"","ast-main-header-display":"","ast-hfb-above-header-display":"","ast-hfb-below-header-display":"","ast-hfb-mobile-header-display":"","site-post-title":"disabled","ast-breadcrumbs-content":"","ast-featured-img":"disabled","footer-sml-layout":"","theme-transparent-header-meta":"","adv-header-id-meta":"","stick-header-meta":"","header-above-stick-meta":"","header-main-stick-meta":"","header-below-stick-meta":"","astra-migrate-meta-layouts":"default","ast-page-background-enabled":"default","ast-page-background-meta":{"desktop":{"background-color":"var(--ast-global-color-4)","background-image":"","background-repeat":"repeat","background-position":"center center","background-size":"auto","background-attachment":"scroll","background-type":"","background-media":"","overlay-type":"","overlay-color":"","overlay-opacity":"","overlay-gradient":""},"tablet":{"background-color":"","background-image":"","background-repeat":"repeat","background-position":"center center","background-size":"auto","background-attachment":"scroll","background-type":"","background-media":"","overlay-type":"","overlay-color":"","overlay-opacity":"","overlay-gradient":""},"mobile":{"background-color":"","background-image":"","background-repeat":"repeat","background-position":"center center","background-size":"auto","background-attachment":"scroll","background-type":"","background-media":"","overlay-type":"","overlay-color":"","overlay-opacity":"","overlay-gradient":""}},"ast-content-background-meta":{"desktop":{"background-color":"var(--ast-global-color-5)","background-image":"","background-repeat":"repeat","background-position":"center center","background-size":"auto","background-attachment":"scroll","background-type":"","background-media":"","overlay-type":"","overlay-color":"","overlay-opacity":"","overlay-gradient":""},"tablet":{"background-color":"var(--ast-global-color-5)","background-image":"","background-repeat":"repeat","background-position":"center center","background-size":"auto","background-attachment":"scroll","background-type":"","background-media":"","overlay-type":"","overlay-color":"","overlay-opacity":"","overlay-gradient":""},"mobile":{"background-color":"var(--ast-global-color-5)","background-image":"","background-repeat":"repeat","background-position":"center center","background-size":"auto","background-attachment":"scroll","background-type":"","background-media":"","overlay-type":"","overlay-color":"","overlay-opacity":"","overlay-gradient":""}},"footnotes":""},"class_list":["post-1478","page","type-page","status-publish","hentry"],"_links":{"self":[{"href":"https:\/\/www.edi-ag.com\/tr\/wp-json\/wp\/v2\/pages\/1478","targetHints":{"allow":["GET"]}}],"collection":[{"href":"https:\/\/www.edi-ag.com\/tr\/wp-json\/wp\/v2\/pages"}],"about":[{"href":"https:\/\/www.edi-ag.com\/tr\/wp-json\/wp\/v2\/types\/page"}],"author":[{"embeddable":true,"href":"https:\/\/www.edi-ag.com\/tr\/wp-json\/wp\/v2\/users\/1"}],"replies":[{"embeddable":true,"href":"https:\/\/www.edi-ag.com\/tr\/wp-json\/wp\/v2\/comments?post=1478"}],"version-history":[{"count":2,"href":"https:\/\/www.edi-ag.com\/tr\/wp-json\/wp\/v2\/pages\/1478\/revisions"}],"predecessor-version":[{"id":1490,"href":"https:\/\/www.edi-ag.com\/tr\/wp-json\/wp\/v2\/pages\/1478\/revisions\/1490"}],"wp:attachment":[{"href":"https:\/\/www.edi-ag.com\/tr\/wp-json\/wp\/v2\/media?parent=1478"}],"curies":[{"name":"wp","href":"https:\/\/api.w.org\/{rel}","templated":true}]}}