{"id":1474,"date":"2024-08-05T18:47:51","date_gmt":"2024-08-05T18:47:51","guid":{"rendered":"https:\/\/www.edi-ag.com\/edi-coezuemue\/"},"modified":"2024-09-16T10:44:31","modified_gmt":"2024-09-16T10:44:31","slug":"edi-coezuemue","status":"publish","type":"page","link":"https:\/\/www.edi-ag.com\/tr\/edi-coezuemue\/","title":{"rendered":"EDI \u00e7\u00f6z\u00fcm\u00fc"},"content":{"rendered":"\t\t<div data-elementor-type=\"wp-page\" data-elementor-id=\"1474\" class=\"elementor elementor-1474 elementor-156\" data-elementor-post-type=\"page\">\n\t\t\t\t\t\t<section class=\"elementor-section elementor-top-section elementor-element elementor-element-78f8d6e elementor-section-boxed elementor-section-height-default elementor-section-height-default\" data-id=\"78f8d6e\" data-element_type=\"section\" data-settings=\"{&quot;ekit_has_onepagescroll_dot&quot;:&quot;yes&quot;}\">\n\t\t\t\t\t\t<div class=\"elementor-container elementor-column-gap-default\">\n\t\t\t\t\t<div class=\"elementor-column elementor-col-100 elementor-top-column elementor-element elementor-element-2a07efe\" data-id=\"2a07efe\" data-element_type=\"column\">\n\t\t\t<div class=\"elementor-widget-wrap elementor-element-populated\">\n\t\t\t\t\t\t<div class=\"elementor-element elementor-element-aa4d5c4 elementor-widget elementor-widget-heading\" data-id=\"aa4d5c4\" data-element_type=\"widget\" data-settings=\"{&quot;ekit_we_effect_on&quot;:&quot;none&quot;}\" data-widget_type=\"heading.default\">\n\t\t\t\t<div class=\"elementor-widget-container\">\n\t\t\t<style>\/*! elementor - v3.23.0 - 05-08-2024 *\/\n.elementor-heading-title{padding:0;margin:0;line-height:1}.elementor-widget-heading .elementor-heading-title[class*=elementor-size-]>a{color:inherit;font-size:inherit;line-height:inherit}.elementor-widget-heading .elementor-heading-title.elementor-size-small{font-size:15px}.elementor-widget-heading .elementor-heading-title.elementor-size-medium{font-size:19px}.elementor-widget-heading .elementor-heading-title.elementor-size-large{font-size:29px}.elementor-widget-heading .elementor-heading-title.elementor-size-xl{font-size:39px}.elementor-widget-heading .elementor-heading-title.elementor-size-xxl{font-size:59px}<\/style><h2 class=\"elementor-heading-title elementor-size-default\">EDI \u00e7\u00f6z\u00fcm\u00fc  <\/h2>\t\t<\/div>\n\t\t\t\t<\/div>\n\t\t\t\t<section class=\"elementor-section elementor-inner-section elementor-element elementor-element-b905125 elementor-section-boxed elementor-section-height-default elementor-section-height-default\" data-id=\"b905125\" data-element_type=\"section\" data-settings=\"{&quot;ekit_has_onepagescroll_dot&quot;:&quot;yes&quot;}\">\n\t\t\t\t\t\t<div class=\"elementor-container elementor-column-gap-default\">\n\t\t\t\t\t<div class=\"elementor-column elementor-col-100 elementor-inner-column elementor-element elementor-element-0a7dff1\" data-id=\"0a7dff1\" data-element_type=\"column\">\n\t\t\t<div class=\"elementor-widget-wrap elementor-element-populated\">\n\t\t\t\t\t\t<div class=\"elementor-element elementor-element-e18f10a elementor-widget elementor-widget-heading\" data-id=\"e18f10a\" data-element_type=\"widget\" data-settings=\"{&quot;ekit_we_effect_on&quot;:&quot;none&quot;}\" data-widget_type=\"heading.default\">\n\t\t\t\t<div class=\"elementor-widget-container\">\n\t\t\t<h2 class=\"elementor-heading-title elementor-size-default\">\u0130stiyorsun ...<\/h2>\t\t<\/div>\n\t\t\t\t<\/div>\n\t\t\t\t<section class=\"elementor-section elementor-inner-section elementor-element elementor-element-d81dd8e elementor-section-boxed elementor-section-height-default elementor-section-height-default\" data-id=\"d81dd8e\" data-element_type=\"section\" data-settings=\"{&quot;background_background&quot;:&quot;classic&quot;,&quot;ekit_has_onepagescroll_dot&quot;:&quot;yes&quot;}\">\n\t\t\t\t\t\t<div class=\"elementor-container elementor-column-gap-default\">\n\t\t\t\t\t<div class=\"elementor-column elementor-col-100 elementor-inner-column elementor-element elementor-element-8654153\" data-id=\"8654153\" data-element_type=\"column\">\n\t\t\t<div class=\"elementor-widget-wrap elementor-element-populated\">\n\t\t\t\t\t\t<div class=\"elementor-element elementor-element-f408e0c elementor-widget elementor-widget-text-editor\" data-id=\"f408e0c\" data-element_type=\"widget\" data-settings=\"{&quot;ekit_we_effect_on&quot;:&quot;none&quot;}\" data-widget_type=\"text-editor.default\">\n\t\t\t\t<div class=\"elementor-widget-container\">\n\t\t\t<style>\/*! elementor - v3.23.0 - 05-08-2024 *\/\n.elementor-widget-text-editor.elementor-drop-cap-view-stacked .elementor-drop-cap{background-color:#69727d;color:#fff}.elementor-widget-text-editor.elementor-drop-cap-view-framed .elementor-drop-cap{color:#69727d;border:3px solid;background-color:transparent}.elementor-widget-text-editor:not(.elementor-drop-cap-view-default) .elementor-drop-cap{margin-top:8px}.elementor-widget-text-editor:not(.elementor-drop-cap-view-default) .elementor-drop-cap-letter{width:1em;height:1em}.elementor-widget-text-editor .elementor-drop-cap{float:left;text-align:center;line-height:1;font-size:50px}.elementor-widget-text-editor .elementor-drop-cap-letter{display:inline-block}<\/style>\t\t\t\t<p><span style=\"color: #a88a3b;\"><strong>&gt;&gt;<\/strong><\/span>  Markal\u0131 \u00fcr\u00fcnleri eskisinden %15&#8217;e kadar daha ucuza m\u0131 al\u0131yorsunuz?<\/p>\n<p><span style=\"color: #a88a3b;\"><strong>&gt;&gt;<\/strong> <\/span>\u00d6deme ko\u015fullar\u0131 90 g\u00fcne kadar m\u0131?<\/p>\n<p><span style=\"color: #a88a3b;\"><strong>&gt;&gt;<\/strong><\/span>  EUR 250.000&#8217;a kadar ticari kredi kullanabilir mi?<\/p>\n<p><span style=\"color: #a88a3b;\"><strong>&gt;&gt;<\/strong><\/span>  teslimat\u0131 24 saat sonra ald\u0131n\u0131z m\u0131?<\/p>\n<p><span style=\"color: #a88a3b;\"><strong>&gt;&gt;<\/strong><\/span>  g\u00fc\u00e7l\u00fc bir toplumda g\u00fcvenlik?<\/p>\n<p><strong><span style=\"color: #a88a3b;\">&gt;&gt; <\/span><\/strong>yerinde ki\u015fisel m\u00fc\u015fteri hizmetleri ve t\u00fcm endi\u015feleriniz i\u00e7in do\u011frudan bir irtibat ki\u015fisi?<\/p>\n\t\t\t\t\t\t<\/div>\n\t\t\t\t<\/div>\n\t\t\t\t\t<\/div>\n\t\t<\/div>\n\t\t\t\t\t<\/div>\n\t\t<\/section>\n\t\t\t\t\t<\/div>\n\t\t<\/div>\n\t\t\t\t\t<\/div>\n\t\t<\/section>\n\t\t\t\t<section class=\"elementor-section elementor-inner-section elementor-element elementor-element-ae02e44 elementor-section-boxed elementor-section-height-default elementor-section-height-default\" data-id=\"ae02e44\" data-element_type=\"section\" data-settings=\"{&quot;ekit_has_onepagescroll_dot&quot;:&quot;yes&quot;}\">\n\t\t\t\t\t\t<div class=\"elementor-container elementor-column-gap-default\">\n\t\t\t\t\t<div class=\"elementor-column elementor-col-100 elementor-inner-column elementor-element elementor-element-fb7b49f\" data-id=\"fb7b49f\" data-element_type=\"column\">\n\t\t\t<div class=\"elementor-widget-wrap elementor-element-populated\">\n\t\t\t\t\t\t<div class=\"elementor-element elementor-element-337d98c elementor-widget elementor-widget-heading\" data-id=\"337d98c\" data-element_type=\"widget\" data-settings=\"{&quot;ekit_we_effect_on&quot;:&quot;none&quot;}\" data-widget_type=\"heading.default\">\n\t\t\t\t<div class=\"elementor-widget-container\">\n\t\t\t<h2 class=\"elementor-heading-title elementor-size-default\">Ortaklar\u0131m\u0131z i\u00e7in m\u00fckemmel \u00e7\u00f6z\u00fcm<\/h2>\t\t<\/div>\n\t\t\t\t<\/div>\n\t\t\t\t<div class=\"elementor-element elementor-element-fb57f46 elementor-widget elementor-widget-text-editor\" data-id=\"fb57f46\" data-element_type=\"widget\" data-settings=\"{&quot;ekit_we_effect_on&quot;:&quot;none&quot;}\" data-widget_type=\"text-editor.default\">\n\t\t\t\t<div class=\"elementor-widget-container\">\n\t\t\t\t\t\t\t<ul>\n<li>\n<p>En az 2.500 POS orta\u011f\u0131n\u0131n sat\u0131n alma hacminin bir araya getirilmesi b\u00fcy\u00fck sat\u0131n alma miktarlar\u0131na yol a\u00e7ar!<\/p>\n<\/li>\n<li>\n<p>Bu, markal\u0131 \u00fcr\u00fcnler i\u00e7in \u00f6nemli \u00f6l\u00e7\u00fcde daha iyi sat\u0131n alma fiyatlar\u0131 ile % 15&#8217;e varan tasarruflar\u0131 garanti eder.<br \/>Fiyat avantaj\u0131n\u0131 ortaklar\u0131m\u0131za aktar\u0131yoruz!<\/p>\n<\/li>\n<li>\n<p>Etkin m\u00fc\u015fteri hizmetleri ekibimiz sizi desteklemek i\u00e7in her zaman haz\u0131rd\u0131r!<\/p>\n<\/li>\n<li>\n<p>\u00d6zelle\u015ftirilmi\u015f bir sipari\u015f uygulamas\u0131\/portal\u0131 ile sipari\u015flerinizi haftan\u0131n 7 g\u00fcn\u00fc, g\u00fcn\u00fcn her saati kabul ediyoruz!<\/p>\n<\/li>\n<li>\n<p>Teslimat 24 saat sonra \/ i\u00e7inde ger\u00e7ekle\u015fir!<\/p>\n<\/li>\n<li>\n<p>Likiditenizi koruyun ve ticari kredinin avantajlar\u0131ndan yararlan\u0131n!<\/p>\n<\/li>\n<li>\n<p>Bireysel ticari kredi 1.000 EUR&#8217;dan 250.000 EUR&#8217;ya kadar!<\/p>\n<\/li>\n<li>\n<p>\u00dczerinde anla\u015f\u0131lan 90 g\u00fcne varan \u00f6deme vadeleri sayesinde g\u00fcvenceli likidite!<\/p>\n<\/li>\n<li>\n<p>Bu, her zaman geni\u015f bir \u00fcr\u00fcn yelpazesine ve yaln\u0131zca \u00e7oktan satt\u0131\u011f\u0131n\u0131z zaman paras\u0131n\u0131 \u00f6dedi\u011finiz eksiksiz bir \u00fcr\u00fcn sto\u011funa sahip oldu\u011funuz anlam\u0131na gelir!<\/p>\n<\/li>\n<li>\n<p>G\u00fc\u00e7l\u00fc toplulu\u011fumuz her bireye g\u00fcvenlik ve istikrar sa\u011flar!<\/p>\n<\/li>\n<\/ul>\n\t\t\t\t\t\t<\/div>\n\t\t\t\t<\/div>\n\t\t\t\t\t<\/div>\n\t\t<\/div>\n\t\t\t\t\t<\/div>\n\t\t<\/section>\n\t\t\t\t\t<\/div>\n\t\t<\/div>\n\t\t\t\t\t<\/div>\n\t\t<\/section>\n\t\t\t\t<\/div>\n\t\t","protected":false},"excerpt":{"rendered":"<p>EDI \u00e7\u00f6z\u00fcm\u00fc \u0130stiyorsun &#8230; &gt;&gt; Markal\u0131 \u00fcr\u00fcnleri eskisinden %15&#8217;e kadar daha ucuza m\u0131 al\u0131yorsunuz? &gt;&gt; \u00d6deme ko\u015fullar\u0131 90 g\u00fcne kadar [&hellip;]<\/p>\n","protected":false},"author":1,"featured_media":0,"parent":0,"menu_order":0,"comment_status":"closed","ping_status":"closed","template":"elementor_header_footer","meta":{"site-sidebar-layout":"no-sidebar","site-content-layout":"","ast-site-content-layout":"full-width-container","site-content-style":"default","site-sidebar-style":"default","ast-global-header-display":"","ast-banner-title-visibility":"","ast-main-header-display":"","ast-hfb-above-header-display":"","ast-hfb-below-header-display":"","ast-hfb-mobile-header-display":"","site-post-title":"disabled","ast-breadcrumbs-content":"","ast-featured-img":"disabled","footer-sml-layout":"","theme-transparent-header-meta":"","adv-header-id-meta":"","stick-header-meta":"","header-above-stick-meta":"","header-main-stick-meta":"","header-below-stick-meta":"","astra-migrate-meta-layouts":"default","ast-page-background-enabled":"default","ast-page-background-meta":{"desktop":{"background-color":"var(--ast-global-color-4)","background-image":"","background-repeat":"repeat","background-position":"center center","background-size":"auto","background-attachment":"scroll","background-type":"","background-media":"","overlay-type":"","overlay-color":"","overlay-opacity":"","overlay-gradient":""},"tablet":{"background-color":"","background-image":"","background-repeat":"repeat","background-position":"center center","background-size":"auto","background-attachment":"scroll","background-type":"","background-media":"","overlay-type":"","overlay-color":"","overlay-opacity":"","overlay-gradient":""},"mobile":{"background-color":"","background-image":"","background-repeat":"repeat","background-position":"center center","background-size":"auto","background-attachment":"scroll","background-type":"","background-media":"","overlay-type":"","overlay-color":"","overlay-opacity":"","overlay-gradient":""}},"ast-content-background-meta":{"desktop":{"background-color":"var(--ast-global-color-5)","background-image":"","background-repeat":"repeat","background-position":"center center","background-size":"auto","background-attachment":"scroll","background-type":"","background-media":"","overlay-type":"","overlay-color":"","overlay-opacity":"","overlay-gradient":""},"tablet":{"background-color":"var(--ast-global-color-5)","background-image":"","background-repeat":"repeat","background-position":"center center","background-size":"auto","background-attachment":"scroll","background-type":"","background-media":"","overlay-type":"","overlay-color":"","overlay-opacity":"","overlay-gradient":""},"mobile":{"background-color":"var(--ast-global-color-5)","background-image":"","background-repeat":"repeat","background-position":"center center","background-size":"auto","background-attachment":"scroll","background-type":"","background-media":"","overlay-type":"","overlay-color":"","overlay-opacity":"","overlay-gradient":""}},"footnotes":""},"class_list":["post-1474","page","type-page","status-publish","hentry"],"_links":{"self":[{"href":"https:\/\/www.edi-ag.com\/tr\/wp-json\/wp\/v2\/pages\/1474","targetHints":{"allow":["GET"]}}],"collection":[{"href":"https:\/\/www.edi-ag.com\/tr\/wp-json\/wp\/v2\/pages"}],"about":[{"href":"https:\/\/www.edi-ag.com\/tr\/wp-json\/wp\/v2\/types\/page"}],"author":[{"embeddable":true,"href":"https:\/\/www.edi-ag.com\/tr\/wp-json\/wp\/v2\/users\/1"}],"replies":[{"embeddable":true,"href":"https:\/\/www.edi-ag.com\/tr\/wp-json\/wp\/v2\/comments?post=1474"}],"version-history":[{"count":2,"href":"https:\/\/www.edi-ag.com\/tr\/wp-json\/wp\/v2\/pages\/1474\/revisions"}],"predecessor-version":[{"id":1482,"href":"https:\/\/www.edi-ag.com\/tr\/wp-json\/wp\/v2\/pages\/1474\/revisions\/1482"}],"wp:attachment":[{"href":"https:\/\/www.edi-ag.com\/tr\/wp-json\/wp\/v2\/media?parent=1474"}],"curies":[{"name":"wp","href":"https:\/\/api.w.org\/{rel}","templated":true}]}}